{"id":73,"date":"2023-05-08T07:11:59","date_gmt":"2023-05-08T07:11:59","guid":{"rendered":"https:\/\/xn--drpetrasttz-1hb.at\/?page_id=73"},"modified":"2023-05-08T07:40:24","modified_gmt":"2023-05-08T07:40:24","slug":"impressum","status":"publish","type":"page","link":"https:\/\/xn--drpetrasttz-1hb.at\/?page_id=73","title":{"rendered":"Impressum"},"content":{"rendered":"\t\t<div data-elementor-type=\"wp-page\" data-elementor-id=\"73\" class=\"elementor elementor-73\" data-elementor-post-type=\"page\">\n\t\t\t\t\t\t<section class=\"elementor-section elementor-top-section elementor-element elementor-element-3378e6b elementor-section-boxed elementor-section-height-default elementor-section-height-default\" data-id=\"3378e6b\" data-element_type=\"section\">\n\t\t\t\t\t\t<div class=\"elementor-container elementor-column-gap-default\">\n\t\t\t\t\t<div class=\"elementor-column elementor-col-100 elementor-top-column elementor-element elementor-element-185c374\" data-id=\"185c374\" data-element_type=\"column\">\n\t\t\t<div class=\"elementor-widget-wrap elementor-element-populated\">\n\t\t\t\t\t\t<div class=\"elementor-element elementor-element-47a6781 elementor-widget elementor-widget-heading\" data-id=\"47a6781\" data-element_type=\"widget\" data-widget_type=\"heading.default\">\n\t\t\t\t<div class=\"elementor-widget-container\">\n\t\t\t\t\t<h1 class=\"elementor-heading-title elementor-size-default\">Impressum<\/h1>\t\t\t\t<\/div>\n\t\t\t\t<\/div>\n\t\t\t\t<div class=\"elementor-element elementor-element-d9c9a2d elementor-widget-divider--view-line elementor-widget elementor-widget-divider\" data-id=\"d9c9a2d\" data-element_type=\"widget\" data-widget_type=\"divider.default\">\n\t\t\t\t<div class=\"elementor-widget-container\">\n\t\t\t\t\t\t\t<div class=\"elementor-divider\">\n\t\t\t<span class=\"elementor-divider-separator\">\n\t\t\t\t\t\t<\/span>\n\t\t<\/div>\n\t\t\t\t\t\t<\/div>\n\t\t\t\t<\/div>\n\t\t\t\t<div class=\"elementor-element elementor-element-6040708 elementor-widget elementor-widget-text-editor\" data-id=\"6040708\" data-element_type=\"widget\" data-widget_type=\"text-editor.default\">\n\t\t\t\t<div class=\"elementor-widget-container\">\n\t\t\t\t\t\t\t\t\t<div class=\"elementor-element elementor-element-e2b37f2 linkh elementor-widget elementor-widget-text-editor\" data-id=\"e2b37f2\" data-element_type=\"widget\" data-widget_type=\"text-editor.default\"><div class=\"elementor-widget-container\"><div class=\"elementor-text-editor elementor-clearfix\"><p><b>Ordination Dr. med St\u00fctz<\/b><br \/>Ernest Thun Str. 12<br \/>5020 Salzburg<\/p><p><a href=\"tel:+43 662875711\">Tel. 0662\/ 8757 11<\/a><\/p><p><b>Firmenbuch und UID:<\/b><br \/>LG Linz \u2013 FN 198270 z <br \/>UID: ATU50018608<\/p><p><strong>Gesch\u00e4ftsf\u00fchrung:<\/strong><\/p><p>Frau Petra St\u00fctz<\/p><p><strong>Webdesign &amp; Hosting<\/strong><br \/>Full-Service-Werbeagentur<br \/>PRODESIGN GmbH<br \/>Laufener Stra\u00dfe 5<br \/>83395 Freilassing<\/p><p>Kontakt<br \/>Telefon: +49 8654 77860<br \/>E-Mail: office@prodesign.cc<br \/>Website: <a title=\"Werbeagentur aus Freilassing\" href=\"https:\/\/prodesign.cc\" target=\"_blank\" rel=\"noopener\">prodesign.cc<\/a><\/p><p>Gesch\u00e4ftsf\u00fchrer: Alexander Peer<\/p><\/div><\/div><\/div>\t\t\t\t\t\t\t\t<\/div>\n\t\t\t\t<\/div>\n\t\t\t\t\t<\/div>\n\t\t<\/div>\n\t\t\t\t\t<\/div>\n\t\t<\/section>\n\t\t\t\t<\/div>\n\t\t","protected":false},"excerpt":{"rendered":"<p>Impressum Ordination Dr. med St\u00fctzErnest Thun Str. 125020 Salzburg Tel. 0662\/ 8757 11 Firmenbuch und UID:LG Linz \u2013 FN 198270 z UID: ATU50018608 Gesch\u00e4ftsf\u00fchrung: Frau Petra St\u00fctz Webdesign &amp; HostingFull-Service-WerbeagenturPRODESIGN GmbHLaufener Stra\u00dfe 583395 Freilassing KontaktTelefon: +49 8654 77860E-Mail: office@prodesign.ccWebsite: prodesign.cc Gesch\u00e4ftsf\u00fchrer: Alexander Peer<\/p>\n","protected":false},"author":1,"featured_media":0,"parent":0,"menu_order":0,"comment_status":"closed","ping_status":"closed","template":"","meta":{"footnotes":""},"class_list":["post-73","page","type-page","status-publish","hentry"],"_links":{"self":[{"href":"https:\/\/xn--drpetrasttz-1hb.at\/index.php?rest_route=\/wp\/v2\/pages\/73","targetHints":{"allow":["GET"]}}],"collection":[{"href":"https:\/\/xn--drpetrasttz-1hb.at\/index.php?rest_route=\/wp\/v2\/pages"}],"about":[{"href":"https:\/\/xn--drpetrasttz-1hb.at\/index.php?rest_route=\/wp\/v2\/types\/page"}],"author":[{"embeddable":true,"href":"https:\/\/xn--drpetrasttz-1hb.at\/index.php?rest_route=\/wp\/v2\/users\/1"}],"replies":[{"embeddable":true,"href":"https:\/\/xn--drpetrasttz-1hb.at\/index.php?rest_route=%2Fwp%2Fv2%2Fcomments&post=73"}],"version-history":[{"count":10,"href":"https:\/\/xn--drpetrasttz-1hb.at\/index.php?rest_route=\/wp\/v2\/pages\/73\/revisions"}],"predecessor-version":[{"id":110,"href":"https:\/\/xn--drpetrasttz-1hb.at\/index.php?rest_route=\/wp\/v2\/pages\/73\/revisions\/110"}],"wp:attachment":[{"href":"https:\/\/xn--drpetrasttz-1hb.at\/index.php?rest_route=%2Fwp%2Fv2%2Fmedia&parent=73"}],"curies":[{"name":"wp","href":"https:\/\/api.w.org\/{rel}","templated":true}]}}